{"id":14629,"date":"2026-02-27T17:24:37","date_gmt":"2026-02-27T17:24:37","guid":{"rendered":"https:\/\/florianwmueller.com\/?page_id=14629"},"modified":"2026-02-27T17:47:09","modified_gmt":"2026-02-27T17:47:09","slug":"workshop-downloads","status":"publish","type":"page","link":"https:\/\/florianwmueller.com\/de\/workshop-downloads\/","title":{"rendered":"Workshop Downloads"},"content":{"rendered":"<div class=\"grve-section grve-row-section grve-fullwidth-background grve-percentage-height grve-padding-top-4x grve-padding-bottom-1x grve-headings-primary-2 grve-link-primary-2 grve-link-hover-primary-2 grve-with-bg-transparent\" data-header-color=\"light\" data-height-ratio=\"80\"  style=\"color:#1f1e1c;\"><div class=\"grve-container\"><div class=\"grve-row grve-bookmark grve-columns-gap-default grve-mobile-vertical-gap-30 grve-percentage-content\"><div class=\"grve-column wpb_column grve-bookmark grve-column-1-2  grve-with-bg-transparent\"><div class=\"grve-column-wrapper grve-sticky-element grve-sticky-column\"><div class=\"grve-column-content\" ><div class=\"grve-inner-section link-proxima grve-padding-top-2x grve-padding-bottom-2x grve-with-bg-transparent\"><div class=\"grve-row-inner grve-bookmark grve-columns-gap-default grve-mobile-vertical-gap-30\"><div class=\"grve-column-inner wpb_column grve-column-1  grve-with-bg-transparent link-proxima\"><div class=\"grve-column-wrapper-inner\"><div class=\"grve-column-inner-content\" ><div class=\"grve-element grve-text\">\r\n\t\t\t<h2 class=\"uncode_text_column bottom-t-top animate_when_almost_visible start_animation\" data-delay=\"200\">Workshop Downloads<\/h2>\n\r\n\t\t<\/div>\r\n\t<\/div><\/div><\/div><\/div><\/div><div class=\"grve-inner-section link-proxima grve-padding-top-2x grve-padding-bottom-2x grve-with-bg-transparent\"><div class=\"grve-row-inner grve-bookmark grve-columns-gap-default grve-mobile-vertical-gap-30\"><div class=\"grve-column-inner wpb_column grve-column-1  grve-with-bg-transparent link-proxima\"><div class=\"grve-column-wrapper-inner\"><div class=\"grve-column-inner-content\" ><div class=\"grve-element grve-text\">\r\n\t\t\t<p>Vielen Dank f\u00fcr die Teilnahme an meinem Workshop &#8220;Multilayered Visions&#8221;.<br \/>\n\u00dcbung macht den Meister, daher habe ich &#8211; neben einer Kurzanleitung f\u00fcr den Photoshop-Workflow &#8211; noch eine Photoshop-Datei zum \u00dcben bereitgestellt.<\/p>\n<p>In der Photoshop-Datei gibt es eine Ebene mit einem kurzen Text zur Erkl\u00e4rung, dann folgen drei Ebenen-Ordner mit unterschiedlichen \u00dcberlagerungs-Techniken.<br \/>\nHier gilt, wie im Workshop besprochen: Einfach mal ausprobieren. Es gibt selten nur den einen Weg, der zum Ziel f\u00fchrt.<br \/>\nDie enthaltenen Bilder dienen selbstverst\u00e4ndlich nur zum pers\u00f6nlichen Gebrauch und sind von einer Ver\u00f6ffentlichung ausgeschlossen.<\/p>\n<p>Viel Spa\u00df beim Ausprobieren!<\/p>\n\r\n\t\t<\/div>\r\n\t<\/div><\/div><\/div><\/div><\/div><div class=\"grve-inner-section link-proxima grve-padding-top-2x grve-padding-bottom-2x grve-with-bg-transparent\"><div class=\"grve-row-inner grve-bookmark grve-columns-gap-default grve-mobile-vertical-gap-30\"><div class=\"grve-column-inner wpb_column grve-column-1  grve-with-bg-transparent link-proxima\"><div class=\"grve-column-wrapper-inner\"><div class=\"grve-column-inner-content\" ><div class=\"grve-element grve-text overview-link-dark\">\r\n\t\t\t<ul>\n<li class=\"uncode_text_column bottom-t-top animate_when_almost_visible start_animation\" data-delay=\"200\"><a href=\"https:\/\/florianwmueller.com\/de\/download\/multilayered-visions-workflow\/\" target=\"_blank\" rel=\"noopener\">Kurzanleitung &#8220;Multilayered Visions&#8221;, .pdf<\/a><\/li>\n<li data-delay=\"200\"><a href=\"https:\/\/florianwmueller.com\/download\/multilayered-visions-workshop.psd\" target=\"_blank\" rel=\"noopener\">Testdatei &#8220;Multilayered Visions&#8221;, .psd<\/a><\/li>\n<\/ul>\n\r\n\t\t<\/div>\r\n\t<\/div><\/div><\/div><\/div><\/div><\/div><\/div><\/div><div class=\"grve-column wpb_column grve-bookmark grve-column-1-2 grve-wpb-1772214293059 grve-horizontal-position-center grve-with-bg-transparent grve-custom-width-50 grve-mobile-custom-width-100 overview-link-dark\"><div class=\"grve-column-wrapper grve-sticky-element grve-sticky-column\" data-sticky-offset=\"200\"><div class=\"grve-column-content\" ><div class=\"grve-element grve-slider grve-layout-1\">\r\n\t<div class=\"grve-carousel-wrapper\">\r\n\t\t\t\t<div data-slider-autoplay=\"yes\" data-slider-loop=\"yes\" data-slider-speed=\"3000\" data-slider-pause=\"no\" data-slider-transition=\"fade\" data-slider-autoheight=\"\" data-pagination=\"no\" data-pagination-speed=\"400\" class=\"grve-slider-element\">\r\n\t\t\t<div class=\"grve-slider-item\">\r\n\t\t\t\t\r\n\r\n<div class=\"grve-image-wrapper grve-radius-15 grve-shadow-medium-shadow grve-no-effect\">\r\n\t\t<div class=\"grve-thumbnail-wrapper\"><div class=\"grve-thumbnail\"  style=\"padding-top: 149.87%;\"><img loading=\"lazy\" decoding=\"async\" width=\"768\" height=\"1151\" src=\"https:\/\/florianwmueller.com\/wp-content\/uploads\/2024\/09\/Interferenz-No.-3\u00a9Florian_W_Mueller-768x1151.jpg\" class=\"attachment-medium_large size-medium_large grve-lazy-load lazyload\" alt=\"\" data-lazyload=\"lazyload\" data-column-space=\"100\" data-grve-filter=\"yes\" srcset=\"https:\/\/florianwmueller.com\/wp-content\/themes\/impeka\/images\/empty\/empty.png\" data-src=\"https:\/\/florianwmueller.com\/wp-content\/uploads\/2024\/09\/Interferenz-No.-3\u00a9Florian_W_Mueller-768x1151.jpg\" data-sizes=\"auto\" data-srcset=\"https:\/\/florianwmueller.com\/wp-content\/uploads\/2024\/09\/Interferenz-No.-3\u00a9Florian_W_Mueller-768x1151.jpg 768w, https:\/\/florianwmueller.com\/wp-content\/uploads\/2024\/09\/Interferenz-No.-3\u00a9Florian_W_Mueller-200x300.jpg 200w, https:\/\/florianwmueller.com\/wp-content\/uploads\/2024\/09\/Interferenz-No.-3\u00a9Florian_W_Mueller-684x1024.jpg 684w, https:\/\/florianwmueller.com\/wp-content\/uploads\/2024\/09\/Interferenz-No.-3\u00a9Florian_W_Mueller-1025x1536.jpg 1025w, https:\/\/florianwmueller.com\/wp-content\/uploads\/2024\/09\/Interferenz-No.-3\u00a9Florian_W_Mueller-8x12.jpg 8w, https:\/\/florianwmueller.com\/wp-content\/uploads\/2024\/09\/Interferenz-No.-3\u00a9Florian_W_Mueller.jpg 1068w\" data-expand=\"1\" \/><\/div><\/div>\t<\/div>\r\n\t\t\t<\/div>\r\n\t\t\t<div class=\"grve-slider-item\">\r\n\t\t\t\t\r\n\r\n<div class=\"grve-image-wrapper grve-radius-15 grve-shadow-medium-shadow grve-no-effect\">\r\n\t\t<div class=\"grve-thumbnail-wrapper\"><div class=\"grve-thumbnail\"  style=\"padding-top: 149.87%;\"><img loading=\"lazy\" decoding=\"async\" width=\"768\" height=\"1151\" src=\"https:\/\/florianwmueller.com\/wp-content\/uploads\/2024\/09\/Interferenz-No.-5\u00a9Florian_W_Mueller-768x1151.jpg\" class=\"attachment-medium_large size-medium_large grve-lazy-load lazyload\" alt=\"\" data-lazyload=\"lazyload\" data-column-space=\"100\" data-grve-filter=\"yes\" srcset=\"https:\/\/florianwmueller.com\/wp-content\/themes\/impeka\/images\/empty\/empty.png\" data-src=\"https:\/\/florianwmueller.com\/wp-content\/uploads\/2024\/09\/Interferenz-No.-5\u00a9Florian_W_Mueller-768x1151.jpg\" data-sizes=\"auto\" data-srcset=\"https:\/\/florianwmueller.com\/wp-content\/uploads\/2024\/09\/Interferenz-No.-5\u00a9Florian_W_Mueller-768x1151.jpg 768w, https:\/\/florianwmueller.com\/wp-content\/uploads\/2024\/09\/Interferenz-No.-5\u00a9Florian_W_Mueller-200x300.jpg 200w, https:\/\/florianwmueller.com\/wp-content\/uploads\/2024\/09\/Interferenz-No.-5\u00a9Florian_W_Mueller-684x1024.jpg 684w, https:\/\/florianwmueller.com\/wp-content\/uploads\/2024\/09\/Interferenz-No.-5\u00a9Florian_W_Mueller-1025x1536.jpg 1025w, https:\/\/florianwmueller.com\/wp-content\/uploads\/2024\/09\/Interferenz-No.-5\u00a9Florian_W_Mueller-8x12.jpg 8w, https:\/\/florianwmueller.com\/wp-content\/uploads\/2024\/09\/Interferenz-No.-5\u00a9Florian_W_Mueller.jpg 1068w\" data-expand=\"1\" \/><\/div><\/div>\t<\/div>\r\n\t\t\t<\/div>\r\n\t\t\t<div class=\"grve-slider-item\">\r\n\t\t\t\t\r\n\r\n<div class=\"grve-image-wrapper grve-radius-15 grve-shadow-medium-shadow grve-no-effect\">\r\n\t\t<div class=\"grve-thumbnail-wrapper\"><div class=\"grve-thumbnail\"  style=\"padding-top: 149.87%;\"><img loading=\"lazy\" decoding=\"async\" width=\"768\" height=\"1151\" src=\"https:\/\/florianwmueller.com\/wp-content\/uploads\/2024\/09\/Interferenz-No.-6\u00a9Florian_W_Mueller-768x1151.jpg\" class=\"attachment-medium_large size-medium_large grve-lazy-load lazyload\" alt=\"\" data-lazyload=\"lazyload\" data-column-space=\"100\" data-grve-filter=\"yes\" srcset=\"https:\/\/florianwmueller.com\/wp-content\/themes\/impeka\/images\/empty\/empty.png\" data-src=\"https:\/\/florianwmueller.com\/wp-content\/uploads\/2024\/09\/Interferenz-No.-6\u00a9Florian_W_Mueller-768x1151.jpg\" data-sizes=\"auto\" data-srcset=\"https:\/\/florianwmueller.com\/wp-content\/uploads\/2024\/09\/Interferenz-No.-6\u00a9Florian_W_Mueller-768x1151.jpg 768w, https:\/\/florianwmueller.com\/wp-content\/uploads\/2024\/09\/Interferenz-No.-6\u00a9Florian_W_Mueller-200x300.jpg 200w, https:\/\/florianwmueller.com\/wp-content\/uploads\/2024\/09\/Interferenz-No.-6\u00a9Florian_W_Mueller-684x1024.jpg 684w, https:\/\/florianwmueller.com\/wp-content\/uploads\/2024\/09\/Interferenz-No.-6\u00a9Florian_W_Mueller-1025x1536.jpg 1025w, https:\/\/florianwmueller.com\/wp-content\/uploads\/2024\/09\/Interferenz-No.-6\u00a9Florian_W_Mueller-8x12.jpg 8w, https:\/\/florianwmueller.com\/wp-content\/uploads\/2024\/09\/Interferenz-No.-6\u00a9Florian_W_Mueller.jpg 1068w\" data-expand=\"1\" \/><\/div><\/div>\t<\/div>\r\n\t\t\t<\/div>\r\n\t\t\t<div class=\"grve-slider-item\">\r\n\t\t\t\t\r\n\r\n<div class=\"grve-image-wrapper grve-radius-15 grve-shadow-medium-shadow grve-no-effect\">\r\n\t\t<div class=\"grve-thumbnail-wrapper\"><div class=\"grve-thumbnail\"  style=\"padding-top: 150%;\"><img loading=\"lazy\" decoding=\"async\" width=\"768\" height=\"1152\" src=\"https:\/\/florianwmueller.com\/wp-content\/uploads\/2024\/09\/Interferenz-No.-1\u00a9Florian_W_Mueller-768x1152.jpg\" class=\"attachment-medium_large size-medium_large grve-lazy-load lazyload\" alt=\"\" data-lazyload=\"lazyload\" data-column-space=\"100\" data-grve-filter=\"yes\" srcset=\"https:\/\/florianwmueller.com\/wp-content\/themes\/impeka\/images\/empty\/empty.png\" data-src=\"https:\/\/florianwmueller.com\/wp-content\/uploads\/2024\/09\/Interferenz-No.-1\u00a9Florian_W_Mueller-768x1152.jpg\" data-sizes=\"auto\" data-srcset=\"https:\/\/florianwmueller.com\/wp-content\/uploads\/2024\/09\/Interferenz-No.-1\u00a9Florian_W_Mueller-768x1152.jpg 768w, https:\/\/florianwmueller.com\/wp-content\/uploads\/2024\/09\/Interferenz-No.-1\u00a9Florian_W_Mueller-200x300.jpg 200w, https:\/\/florianwmueller.com\/wp-content\/uploads\/2024\/09\/Interferenz-No.-1\u00a9Florian_W_Mueller-683x1024.jpg 683w, https:\/\/florianwmueller.com\/wp-content\/uploads\/2024\/09\/Interferenz-No.-1\u00a9Florian_W_Mueller-1024x1536.jpg 1024w, https:\/\/florianwmueller.com\/wp-content\/uploads\/2024\/09\/Interferenz-No.-1\u00a9Florian_W_Mueller-8x12.jpg 8w, https:\/\/florianwmueller.com\/wp-content\/uploads\/2024\/09\/Interferenz-No.-1\u00a9Florian_W_Mueller.jpg 1067w\" data-expand=\"1\" \/><\/div><\/div>\t<\/div>\r\n\t\t\t<\/div>\r\n\t\t\t<div class=\"grve-slider-item\">\r\n\t\t\t\t\r\n\r\n<div class=\"grve-image-wrapper grve-radius-15 grve-shadow-medium-shadow grve-no-effect\">\r\n\t\t<div class=\"grve-thumbnail-wrapper\"><div class=\"grve-thumbnail\"  style=\"padding-top: 149.87%;\"><img loading=\"lazy\" decoding=\"async\" width=\"768\" height=\"1151\" src=\"https:\/\/florianwmueller.com\/wp-content\/uploads\/2024\/09\/INTERFERENZ-COLOGNE-03-768x1151.jpg\" class=\"attachment-medium_large size-medium_large grve-lazy-load lazyload\" alt=\"\" data-lazyload=\"lazyload\" data-column-space=\"100\" data-grve-filter=\"yes\" srcset=\"https:\/\/florianwmueller.com\/wp-content\/themes\/impeka\/images\/empty\/empty.png\" data-src=\"https:\/\/florianwmueller.com\/wp-content\/uploads\/2024\/09\/INTERFERENZ-COLOGNE-03-768x1151.jpg\" data-sizes=\"auto\" data-srcset=\"https:\/\/florianwmueller.com\/wp-content\/uploads\/2024\/09\/INTERFERENZ-COLOGNE-03-768x1151.jpg 768w, https:\/\/florianwmueller.com\/wp-content\/uploads\/2024\/09\/INTERFERENZ-COLOGNE-03-200x300.jpg 200w, https:\/\/florianwmueller.com\/wp-content\/uploads\/2024\/09\/INTERFERENZ-COLOGNE-03-684x1024.jpg 684w, https:\/\/florianwmueller.com\/wp-content\/uploads\/2024\/09\/INTERFERENZ-COLOGNE-03-1025x1536.jpg 1025w, https:\/\/florianwmueller.com\/wp-content\/uploads\/2024\/09\/INTERFERENZ-COLOGNE-03-8x12.jpg 8w, https:\/\/florianwmueller.com\/wp-content\/uploads\/2024\/09\/INTERFERENZ-COLOGNE-03.jpg 1068w\" data-expand=\"1\" \/><\/div><\/div>\t<\/div>\r\n\t\t\t<\/div>\r\n\t\t\t<div class=\"grve-slider-item\">\r\n\t\t\t\t\r\n\r\n<div class=\"grve-image-wrapper grve-radius-15 grve-shadow-medium-shadow grve-no-effect\">\r\n\t\t<div class=\"grve-thumbnail-wrapper\"><div class=\"grve-thumbnail\"  style=\"padding-top: 149.87%;\"><img loading=\"lazy\" decoding=\"async\" width=\"768\" height=\"1151\" src=\"https:\/\/florianwmueller.com\/wp-content\/uploads\/2024\/09\/Interferenz-No.-9\u00a9Florian_W_Mueller-768x1151.jpg\" class=\"attachment-medium_large size-medium_large grve-lazy-load lazyload\" alt=\"\" data-lazyload=\"lazyload\" data-column-space=\"100\" data-grve-filter=\"yes\" srcset=\"https:\/\/florianwmueller.com\/wp-content\/themes\/impeka\/images\/empty\/empty.png\" data-src=\"https:\/\/florianwmueller.com\/wp-content\/uploads\/2024\/09\/Interferenz-No.-9\u00a9Florian_W_Mueller-768x1151.jpg\" data-sizes=\"auto\" data-srcset=\"https:\/\/florianwmueller.com\/wp-content\/uploads\/2024\/09\/Interferenz-No.-9\u00a9Florian_W_Mueller-768x1151.jpg 768w, https:\/\/florianwmueller.com\/wp-content\/uploads\/2024\/09\/Interferenz-No.-9\u00a9Florian_W_Mueller-200x300.jpg 200w, https:\/\/florianwmueller.com\/wp-content\/uploads\/2024\/09\/Interferenz-No.-9\u00a9Florian_W_Mueller-684x1024.jpg 684w, https:\/\/florianwmueller.com\/wp-content\/uploads\/2024\/09\/Interferenz-No.-9\u00a9Florian_W_Mueller-1025x1536.jpg 1025w, https:\/\/florianwmueller.com\/wp-content\/uploads\/2024\/09\/Interferenz-No.-9\u00a9Florian_W_Mueller-8x12.jpg 8w, https:\/\/florianwmueller.com\/wp-content\/uploads\/2024\/09\/Interferenz-No.-9\u00a9Florian_W_Mueller.jpg 1068w\" data-expand=\"1\" \/><\/div><\/div>\t<\/div>\r\n\t\t\t<\/div>\r\n\t\t\t<div class=\"grve-slider-item\">\r\n\t\t\t\t\r\n\r\n<div class=\"grve-image-wrapper grve-radius-15 grve-shadow-medium-shadow grve-no-effect\">\r\n\t\t<div class=\"grve-thumbnail-wrapper\"><div class=\"grve-thumbnail\"  style=\"padding-top: 149.87%;\"><img loading=\"lazy\" decoding=\"async\" width=\"768\" height=\"1151\" src=\"https:\/\/florianwmueller.com\/wp-content\/uploads\/2024\/09\/INTERFERENZ-COLOGNE-06-768x1151.jpg\" class=\"attachment-medium_large size-medium_large grve-lazy-load lazyload\" alt=\"\" data-lazyload=\"lazyload\" data-column-space=\"100\" data-grve-filter=\"yes\" srcset=\"https:\/\/florianwmueller.com\/wp-content\/themes\/impeka\/images\/empty\/empty.png\" data-src=\"https:\/\/florianwmueller.com\/wp-content\/uploads\/2024\/09\/INTERFERENZ-COLOGNE-06-768x1151.jpg\" data-sizes=\"auto\" data-srcset=\"https:\/\/florianwmueller.com\/wp-content\/uploads\/2024\/09\/INTERFERENZ-COLOGNE-06-768x1151.jpg 768w, https:\/\/florianwmueller.com\/wp-content\/uploads\/2024\/09\/INTERFERENZ-COLOGNE-06-200x300.jpg 200w, https:\/\/florianwmueller.com\/wp-content\/uploads\/2024\/09\/INTERFERENZ-COLOGNE-06-684x1024.jpg 684w, https:\/\/florianwmueller.com\/wp-content\/uploads\/2024\/09\/INTERFERENZ-COLOGNE-06-1025x1536.jpg 1025w, https:\/\/florianwmueller.com\/wp-content\/uploads\/2024\/09\/INTERFERENZ-COLOGNE-06-8x12.jpg 8w, https:\/\/florianwmueller.com\/wp-content\/uploads\/2024\/09\/INTERFERENZ-COLOGNE-06.jpg 1068w\" data-expand=\"1\" \/><\/div><\/div>\t<\/div>\r\n\t\t\t<\/div>\r\n\t\t<\/div>\r\n\t<\/div>\r\n<\/div>\r\n<\/div><\/div><\/div><\/div><\/div><\/div><div class=\"grve-section grve-row-section grve-fullwidth-background grve-padding-top-2x grve-with-bg-transparent\" data-header-color=\"default\"><div class=\"grve-container\"><div class=\"grve-row grve-bookmark grve-columns-gap-default grve-mobile-vertical-gap-30\"><div class=\"grve-column wpb_column grve-bookmark grve-column-1  grve-with-bg-color grve-animated-item grve-clipping-animation\" data-delay=\"200\" data-duration=\"very-slow\" data-animation=\"clipping-left\"><div class=\"grve-column-wrapper\"  style=\"background-color:#1f1e1c;\"><div class=\"grve-column-content\" ><div class=\"grve-element grve-divider\"><span class=\"grve-custom-divider grve-bg-primary-2 grve-align-inherit\" style=\"width: 100%;height: 1px;\"><\/span><\/div><\/div><\/div><\/div><\/div><\/div><\/div>","protected":false},"excerpt":{"rendered":"Workshop Downloads Vielen Dank f\u00fcr die Teilnahme an meinem Workshop \"Multilayered Visions\". \u00dcbung macht den Meister, daher habe ich - neben einer Kurzanleitung f\u00fcr den Photoshop-Workflow - noch eine Photoshop-Datei zum \u00dcben bereitgestellt. In der Photoshop-Datei gibt es eine Ebene mit einem kurzen Text zur Erkl\u00e4rung, dann folgen drei Ebenen-Ordner mit unterschiedlichen \u00dcberlagerungs-Techniken. Hier gilt, [...]","protected":false},"author":1,"featured_media":100,"parent":0,"menu_order":0,"comment_status":"closed","ping_status":"closed","template":"","meta":{"footnotes":""},"class_list":["post-14629","page","type-page","status-publish","has-post-thumbnail","hentry","grve-entry-item"],"acf":[],"_links":{"self":[{"href":"https:\/\/florianwmueller.com\/de\/wp-json\/wp\/v2\/pages\/14629","targetHints":{"allow":["GET"]}}],"collection":[{"href":"https:\/\/florianwmueller.com\/de\/wp-json\/wp\/v2\/pages"}],"about":[{"href":"https:\/\/florianwmueller.com\/de\/wp-json\/wp\/v2\/types\/page"}],"author":[{"embeddable":true,"href":"https:\/\/florianwmueller.com\/de\/wp-json\/wp\/v2\/users\/1"}],"replies":[{"embeddable":true,"href":"https:\/\/florianwmueller.com\/de\/wp-json\/wp\/v2\/comments?post=14629"}],"version-history":[{"count":9,"href":"https:\/\/florianwmueller.com\/de\/wp-json\/wp\/v2\/pages\/14629\/revisions"}],"predecessor-version":[{"id":14642,"href":"https:\/\/florianwmueller.com\/de\/wp-json\/wp\/v2\/pages\/14629\/revisions\/14642"}],"wp:featuredmedia":[{"embeddable":true,"href":"https:\/\/florianwmueller.com\/de\/wp-json\/wp\/v2\/media\/100"}],"wp:attachment":[{"href":"https:\/\/florianwmueller.com\/de\/wp-json\/wp\/v2\/media?parent=14629"}],"curies":[{"name":"wp","href":"https:\/\/api.w.org\/{rel}","templated":true}]}}