{"id":55,"date":"2021-04-03T14:05:33","date_gmt":"2021-04-03T14:05:33","guid":{"rendered":"https:\/\/fotozelle.com\/fwm22\/studio\/"},"modified":"2021-04-03T14:05:33","modified_gmt":"2021-04-03T14:05:33","slug":"studio","status":"publish","type":"page","link":"https:\/\/florianwmueller.com\/de\/studio\/","title":{"rendered":"Studio"},"content":{"rendered":"<div class=\"wp-block-columns is-layout-flex wp-container-core-columns-is-layout-9d6595d7 wp-block-columns-is-layout-flex\">\n<div class=\"wp-block-column is-vertically-aligned-top grve-column-tablet-sm-100 is-layout-flow wp-block-column-is-layout-flow\" style=\"flex-basis:66.66%\">\n<h1 class=\"wp-block-heading\">Das Studio<\/h1>\n\n\n\n<p class=\"grve-leader-text\">Wir sind ein leidenschaftliches Team von professionellen Webdesignern und -entwicklern und WordPress-Virtuosen, die sich auf die Erstellung von Premium-WordPress-Themes spezialisiert haben, die vor Kreativit\u00e4t nur so strotzen. <u>Qualit\u00e4t, Leistung und Flexibilit\u00e4t<\/u>. Eine Agentur f\u00fcr Digital- und Webdesign mit Sitz in Athen, Griechenland. Wir arbeiten gerne mit Kunden aus der ganzen Welt zusammen, um einzigartige, innovative und moderne Websites zu entwerfen und zu entwickeln.<br>Ob durch unsere sorgf\u00e4ltig ausgearbeiteten Themes oder unsere ma\u00dfgeschneiderten Design- und Entwicklungsdienste, wir liefern inspirierende Ergebnisse, die f\u00fcr sich selbst sprechen und den Test der Zeit bestehen.<\/p>\n\n\n\n<p><\/p>\n<\/div>\n\n\n\n<div class=\"wp-block-column is-vertically-aligned-bottom grve-column-tablet-sm-100 is-layout-flow wp-block-column-is-layout-flow\" style=\"flex-basis:33.33%\">\n<div style=\"height:30px\" aria-hidden=\"true\" class=\"wp-block-spacer\"><\/div>\n\n\n\n<div class=\"wp-block-buttons is-content-justification-right is-layout-flex wp-block-buttons-is-layout-flex\">\n<div class=\"wp-block-button has-custom-width wp-block-button__width-75 is-style-outline is-style-outline--1\"><a class=\"wp-block-button__link has-white-color has-text-color no-border-radius\" href=\"https:\/\/greatives.eu\/themes\/impeka\/impeka-creative-portfolio\/contact\/\" rel=\"\">Kontakt aufnehmen<\/a><\/div>\n<\/div>\n\n\n\n<div style=\"height:30px\" aria-hidden=\"true\" class=\"wp-block-spacer\"><\/div>\n<\/div>\n<\/div>\n\n\n\n<hr class=\"wp-block-separator has-text-color has-background is-style-wide\" style=\"background-color:#6151f3;color:#6151f3\"\/>\n\n\n\n<div style=\"height:50px\" aria-hidden=\"true\" class=\"wp-block-spacer\"><\/div>\n\n\n\n<div class=\"wp-block-columns is-layout-flex wp-container-core-columns-is-layout-9d6595d7 wp-block-columns-is-layout-flex\">\n<div class=\"wp-block-column is-layout-flow wp-block-column-is-layout-flow\">\n<h3 class=\"has-small-font-size wp-block-heading\">PRESSE &amp; VER\u00d6FFENTLICHUNGEN<\/h3>\n\n\n\n<p>AIGA<br>Bloomberg Businessweek<br>Die New York Times<br>WIRED<\/p>\n\n\n\n<div style=\"height:30px\" aria-hidden=\"true\" class=\"wp-block-spacer\"><\/div>\n\n\n\n<h3 class=\"has-small-font-size wp-block-heading\">AUSGEW\u00c4HLTE KUNDEN<\/h3>\n\n\n\n<p>ANYbotics<br>Reuters<br>Apfel<br>Google<br>Verizon<br>Facebook<br>Honda<br>Amazon<br>Louis Vuitton<br>BMW<\/p>\n\n\n\n<div style=\"height:30px\" aria-hidden=\"true\" class=\"wp-block-spacer\"><\/div>\n<\/div>\n\n\n\n<div class=\"wp-block-column is-layout-flow wp-block-column-is-layout-flow\">\n<h3 class=\"has-small-font-size wp-block-heading\">SPRECHEN<\/h3>\n\n\n\n<p>SmashingConf 2018<br>WPPI-Kongress 2017<br>Photoshop Welt 2017<br>Vertrauen Fotografie 2017<br>Bildgebung USA 2016<br>Florida Fotografie 2016<br>Lets Go Workshop 2016<br>Mystik-Seminare 2015<\/p>\n\n\n\n<div style=\"height:30px\" aria-hidden=\"true\" class=\"wp-block-spacer\"><\/div>\n<\/div>\n\n\n\n<div class=\"wp-block-column is-layout-flow wp-block-column-is-layout-flow\">\n<h3 class=\"has-small-font-size wp-block-heading\">KONTAKTINFORMATIONEN<\/h3>\n\n\n\n<h5 class=\"wp-block-heading\"><a rel=\"noreferrer noopener\" href=\"mailto:impeka@greatives.eu\" target=\"_blank\">impeka@greatives.eu<\/a><br>+44 800 123 4567<\/h5>\n\n\n\n<div style=\"height:30px\" aria-hidden=\"true\" class=\"wp-block-spacer\"><\/div>\n<\/div>\n<\/div>","protected":false},"excerpt":{"rendered":"<p>The Studio We are a passionate team of professional web designers and developers, and WordPress virtuosos, who specialize in creating premium WordPress themes that ooze quality, performance and flexibility. A digital &amp; web design agency based in Athens, Greece. We love to work with clients all over the world to design and develop unique, innovative [&hellip;]<\/p>\n","protected":false},"author":1,"featured_media":17,"parent":0,"menu_order":0,"comment_status":"closed","ping_status":"closed","template":"","meta":{"footnotes":""},"class_list":["post-55","page","type-page","status-publish","has-post-thumbnail","hentry","grve-entry-item"],"acf":[],"_links":{"self":[{"href":"https:\/\/florianwmueller.com\/de\/wp-json\/wp\/v2\/pages\/55","targetHints":{"allow":["GET"]}}],"collection":[{"href":"https:\/\/florianwmueller.com\/de\/wp-json\/wp\/v2\/pages"}],"about":[{"href":"https:\/\/florianwmueller.com\/de\/wp-json\/wp\/v2\/types\/page"}],"author":[{"embeddable":true,"href":"https:\/\/florianwmueller.com\/de\/wp-json\/wp\/v2\/users\/1"}],"replies":[{"embeddable":true,"href":"https:\/\/florianwmueller.com\/de\/wp-json\/wp\/v2\/comments?post=55"}],"version-history":[{"count":0,"href":"https:\/\/florianwmueller.com\/de\/wp-json\/wp\/v2\/pages\/55\/revisions"}],"wp:featuredmedia":[{"embeddable":true,"href":"https:\/\/florianwmueller.com\/de\/wp-json\/wp\/v2\/media\/17"}],"wp:attachment":[{"href":"https:\/\/florianwmueller.com\/de\/wp-json\/wp\/v2\/media?parent=55"}],"curies":[{"name":"wp","href":"https:\/\/api.w.org\/{rel}","templated":true}]}}